{"id":12507,"date":"2025-07-21T11:22:18","date_gmt":"2025-07-21T09:22:18","guid":{"rendered":"https:\/\/hostaldeluca.com\/servizi-extra\/"},"modified":"2025-11-05T10:55:20","modified_gmt":"2025-11-05T09:55:20","slug":"servicios-extras-bajo-peticion","status":"publish","type":"page","link":"https:\/\/hostaldeluca.com\/es\/servicios-extras-bajo-peticion\/","title":{"rendered":"Servicios extra bajo petici\u00f3n"},"content":{"rendered":"\t\t<div data-elementor-type=\"wp-page\" data-elementor-id=\"12507\" class=\"elementor elementor-12507 elementor-11633\">\n\t\t\t\t<div class=\"elementor-element elementor-element-ece7ac8 e-flex e-con-boxed tm-col-stretched-none tm-bg-color-over-image e-con e-parent\" data-id=\"ece7ac8\" data-element_type=\"container\">\n\t\t\t\t\t<div class=\"e-con-inner\">\n\t\t<div class=\"elementor-element elementor-element-2de6ab5 e-flex e-con-boxed tm-col-stretched-none tm-bg-color-over-image e-con e-child\" data-id=\"2de6ab5\" data-element_type=\"container\">\n\t\t\t\t\t<div class=\"e-con-inner\">\n\t\t<div class=\"elementor-element elementor-element-ffa3e07 e-con-full e-flex tm-col-stretched-none tm-bg-color-over-image e-con e-child\" data-id=\"ffa3e07\" data-element_type=\"container\">\n\t\t\t\t<div class=\"elementor-element elementor-element-53f0b30 elementor-widget elementor-widget-tm-ele-navigation-menu\" data-id=\"53f0b30\" data-element_type=\"widget\" data-widget_type=\"tm-ele-navigation-menu.default\">\n\t\t\t\t<div class=\"elementor-widget-container\">\n\t\t\t\t\t<div class=\"tm-sc-simple-nav-menu\"><ul id=\"menu-service-menu\" class=\"\"><li id=\"menu-item-5210\" class=\"menu-item menu-item-type-post_type menu-item-object-page menu-item-5210\"><a href=\"https:\/\/hostaldeluca.com\/camere-e-alloggi\/\"><i class=\"tm-nav-arrow-icon fas fa-arrow-right\"><\/i>Habitaciones y alojamientos<\/a><\/li>\n<li id=\"menu-item-12341\" class=\"menu-item menu-item-type-post_type menu-item-object-page menu-item-12341\"><a href=\"https:\/\/hostaldeluca.com\/connettivita\/\"><i class=\"tm-nav-arrow-icon fas fa-arrow-right\"><\/i>Conectividad<\/a><\/li>\n<li id=\"menu-item-11662\" class=\"menu-item menu-item-type-post_type menu-item-object-page menu-item-11662\"><a href=\"https:\/\/hostaldeluca.com\/spazi-comuni-comfort\/\"><i class=\"tm-nav-arrow-icon fas fa-arrow-right\"><\/i>\u00c1reas comunes y comodidad<\/a><\/li>\n<li id=\"menu-item-11663\" class=\"menu-item menu-item-type-post_type menu-item-object-page menu-item-11663\"><a href=\"https:\/\/hostaldeluca.com\/servizi-extra\/\"><i class=\"tm-nav-arrow-icon fas fa-arrow-right\"><\/i>Servicios extra bajo petici\u00f3n<\/a><\/li>\n<li id=\"menu-item-11661\" class=\"menu-item menu-item-type-post_type menu-item-object-page menu-item-11661\"><a href=\"https:\/\/hostaldeluca.com\/posizione-mobilita\/\"><i class=\"tm-nav-arrow-icon fas fa-arrow-right\"><\/i>Ubicaci\u00f3n y movilidad<\/a><\/li>\n<li id=\"menu-item-11660\" class=\"menu-item menu-item-type-post_type menu-item-object-page menu-item-11660\"><a href=\"https:\/\/hostaldeluca.com\/accoglienza-servizi-turistici\/\"><i class=\"tm-nav-arrow-icon fas fa-arrow-right\"><\/i>Hospitalidad y servicios tur\u00edsticos<\/a><\/li>\n<\/ul><\/div>\t\t\t\t<\/div>\n\t\t\t\t<\/div>\n\t\t<div class=\"elementor-element elementor-element-5b6695e tm-col-stretched-none e-flex e-con-boxed tm-bg-color-over-image e-con e-child\" data-id=\"5b6695e\" data-element_type=\"container\">\n\t\t\t\t\t<div class=\"e-con-inner\">\n\t\t\t\t\t<\/div>\n\t\t\t\t<\/div>\n\t\t<div class=\"elementor-element elementor-element-28b4795 e-con-full e-flex tm-col-stretched-none tm-bg-color-over-image e-con e-child\" data-id=\"28b4795\" data-element_type=\"container\" data-settings=\"{&quot;background_background&quot;:&quot;classic&quot;}\">\n\t\t\t\t<div class=\"elementor-element elementor-element-8e41495 elementor-widget elementor-widget-heading\" data-id=\"8e41495\" data-element_type=\"widget\" data-widget_type=\"heading.default\">\n\t\t\t\t\t<h4 class=\"elementor-heading-title elementor-size-default\">\u00bfQuieres alojarte con nosotros?<\/h4>\t\t\t\t<\/div>\n\t\t\t\t<div class=\"elementor-element elementor-element-47f794c elementor-widget elementor-widget-tm-ele-iconbox\" data-id=\"47f794c\" data-element_type=\"widget\" data-widget_type=\"tm-ele-iconbox.default\">\n\t\t\t\t<div class=\"elementor-widget-container\">\n\t\t\t\t\t<div class=\"tm-sc-icon-box icon-box icon-top font-icon icon-top animate-hover icon-rotate-y\">\r\n\t\r\n  \t<div class=\"icon-box-wrapper\">\r\n\t\t\r\n\t\t<div class=\"icon-wrapper\">\r\n\t\t<div class=\"icon icon-round icon-type-font-icon icon-md\">\r\n\t\t\t<i aria-hidden=\"true\" class=\" flaticon-common-phone-call\"><\/i>\t\t<\/div>\r\n\r\n\t\t\t<\/div>\r\n\t\t\t<div class=\"icon-text\">\r\n\t\t\t\t\t\t\r\n\t\t\t\t<h4 class=\"icon-box-title \">\r\n\t\t\t\t\t\t\t Ll\u00e1manos o reserva online \t\t\t\t\t<\/h4>\r\n\t\t\t\t\t<div class=\"content\">+39 338 736 1214<\/div>\r\n\t\t\t\r\n\t\t\t\r\n\t\r\n\t\t\t\t\t\t<div class=\"btn-view-details \">\r\n    <a  \r\n            href=\"https:\/\/hostaldeluca.com\/es\/reservar-ahora\/\"\r\n      class=\"btn btn-theme-colored1\">\r\n      reserva ahora    <\/a>\r\n<\/div>\t\t\t\t\t<\/div>\r\n\t\t<div class=\"clearfix\"><\/div>\r\n\t<\/div>\r\n<\/div>\t\t\t\t<\/div>\n\t\t\t\t<\/div>\n\t\t\t\t<\/div>\n\t\t\t\t<\/div>\n\t\t<div class=\"elementor-element elementor-element-b90858e e-con-full tm-col-stretched-none e-flex tm-bg-color-over-image e-con e-child\" data-id=\"b90858e\" data-element_type=\"container\">\n\t\t\t\t<div class=\"elementor-element elementor-element-c83d446 elementor-widget elementor-widget-image\" data-id=\"c83d446\" data-element_type=\"widget\" data-widget_type=\"image.default\">\n\t\t\t\t\t\t\t\t\t\t\t\t\t\t\t<img decoding=\"async\" src=\"https:\/\/hostaldeluca.com\/wp-content\/uploads\/2025\/07\/gallery-6.jpeg\" title=\"gallery (6)\" alt=\"gallery (6)\" loading=\"lazy\" \/>\t\t\t\t\t\t\t\t\t\t\t\t\t\t\t<\/div>\n\t\t\t\t<div class=\"elementor-element elementor-element-fe9e531 elementor-widget elementor-widget-tm-ele-text-editor\" data-id=\"fe9e531\" data-element_type=\"widget\" data-widget_type=\"tm-ele-text-editor.default\">\n\t\t\t\t<div class=\"elementor-widget-container\">\n\t\t\t\t\t\t\t<div class=\"tm-text-editor\">\r\n\t\t<h3>Servicios extra bajo petici\u00f3n<\/h3>\t\t<\/div>\r\n\t\t\t\t\t<\/div>\n\t\t\t\t<\/div>\n\t\t\t\t<div class=\"elementor-element elementor-element-8730816 elementor-widget elementor-widget-tm-ele-text-editor\" data-id=\"8730816\" data-element_type=\"widget\" data-widget_type=\"tm-ele-text-editor.default\">\n\t\t\t\t<div class=\"elementor-widget-container\">\n\t\t\t\t\t\t\t<div class=\"tm-text-editor\">\r\n\t\t<p>Nuestra hospitalidad va m\u00e1s all\u00e1 de una simple estancia. Sabemos que cada persona tiene necesidades diferentes, y estamos preparados para atenderlas con discreci\u00f3n y disponibilidad. Si lo desea, puede disfrutar de nuestro reconocido desayuno en el mismo hotel, utilizar nuestro servicio de lavander\u00eda y nuestros traslados aeroportuales. Tambi\u00e9n ofrecemos la opci\u00f3n de LATE CHECK-OUT para que puedan utilizar su habitaci\u00f3n hasta la hora que ustedes desean.<\/p><p><strong>Organizamos:<\/strong><\/p><ul><li>traslados interprovinciales (Vi\u00f1ales, Cienfuegos, Trinidad, Varadero y otros destinos) en taxis compartidos y privados.<\/li><li>Excursiones y tours privados con gu\u00edas en italiano, ingl\u00e9s, franc\u00e9s, alem\u00e1n y, por supuesto, espa\u00f1ol.<\/li><\/ul><p>Nota: Tambi\u00e9n puede adquirir los siguientes servicios adicionales durante el proceso de reserva, donde encontrar\u00e1 las opciones correspondientes.<\/p><p>1. DESAYUNO (10 \u20ac por persona)<br \/>2. TRASLADO DEL AEROPUERTO AL HOSTAL (35 \u20ac para hasta 4 personas)<br \/>3. LATE CHECK-OUT (15 \u20ac)<\/p>\t\t<\/div>\r\n\t\t\t\t\t<\/div>\n\t\t\t\t<\/div>\n\t\t\t\t<div class=\"elementor-element elementor-element-51d8e65 elementor-widget elementor-widget-tm-ele-iconbox\" data-id=\"51d8e65\" data-element_type=\"widget\" data-widget_type=\"tm-ele-iconbox.default\">\n\t\t\t\t<div class=\"elementor-widget-container\">\n\t\t\t\t\t<div class=\"tm-sc-icon-box icon-box icon-top no-icon icon-top animate-hover icon-rotate-y\">\r\n\t\r\n  \t<div class=\"icon-box-wrapper\">\r\n\t\t\r\n\t\t\t<div class=\"icon-text\">\r\n\t\t\t\t\t\t\r\n\t\t\t\t<p class=\"icon-box-title \">\r\n\t\t\t\t\t\t\tNuestros servicios extra est\u00e1n pensados para que te sientas siempre como en casa\u2026 pero con el aroma del caf\u00e9 cubano en el aire.\t\t\t\t\t<\/p>\r\n\t\t\t\t\t\t\t\t\r\n\t\t\t\r\n\t\r\n\t\t\t\t\t<\/div>\r\n\t\t<div class=\"clearfix\"><\/div>\r\n\t<\/div>\r\n<\/div>\t\t\t\t<\/div>\n\t\t\t\t<\/div>\n\t\t\t\t<\/div>\n\t\t\t\t\t<\/div>\n\t\t\t\t<\/div>\n\t\t\t\t\t<\/div>\n\t\t\t\t<\/div>\n\t\t\t\t<\/div>\n\t\t","protected":false},"excerpt":{"rendered":"<p>Camere &#038; Alloggi Connettivit\u00e0 Spazi comuni &#038; comfort Servizi extra su richiesta Posizione e mobilit\u00e0 Accoglienza &#038; Servizi turistici \u00bfQuieres&#8230;<\/p>\n","protected":false},"author":1,"featured_media":0,"parent":0,"menu_order":0,"comment_status":"closed","ping_status":"closed","template":"","meta":{"footnotes":""},"class_list":["post-12507","page","type-page","status-publish","hentry"],"yoast_head":"<!-- This site is optimized with the Yoast SEO plugin v25.5 - https:\/\/yoast.com\/wordpress\/plugins\/seo\/ -->\n<title>Servicios extra bajo petici\u00f3n - Bed &amp; Breakfast Cuba e Casa particular Havana Vedado<\/title>\n<meta name=\"robots\" content=\"index, follow, max-snippet:-1, max-image-preview:large, max-video-preview:-1\" \/>\n<link rel=\"canonical\" href=\"https:\/\/hostaldeluca.com\/es\/servicios-extras-bajo-peticion\/\" \/>\n<meta property=\"og:locale\" content=\"es_ES\" \/>\n<meta property=\"og:type\" content=\"article\" \/>\n<meta property=\"og:title\" content=\"Servicios extra bajo petici\u00f3n - Bed &amp; Breakfast Cuba e Casa particular Havana Vedado\" \/>\n<meta property=\"og:description\" content=\"Camere &#038; Alloggi Connettivit\u00e0 Spazi comuni &#038; comfort Servizi extra su richiesta Posizione e mobilit\u00e0 Accoglienza &#038; Servizi turistici \u00bfQuieres...\" \/>\n<meta property=\"og:url\" content=\"https:\/\/hostaldeluca.com\/es\/servicios-extras-bajo-peticion\/\" \/>\n<meta property=\"og:site_name\" content=\"Bed &amp; Breakfast Cuba e Casa particular Havana Vedado\" \/>\n<meta property=\"article:modified_time\" content=\"2025-11-05T09:55:20+00:00\" \/>\n<meta property=\"og:image\" content=\"https:\/\/hostaldeluca.com\/wp-content\/uploads\/2025\/07\/gallery-6.jpeg\" \/>\n<meta name=\"twitter:card\" content=\"summary_large_image\" \/>\n<meta name=\"twitter:label1\" content=\"Tiempo de lectura\" \/>\n\t<meta name=\"twitter:data1\" content=\"1 minuto\" \/>\n<script type=\"application\/ld+json\" class=\"yoast-schema-graph\">{\"@context\":\"https:\/\/schema.org\",\"@graph\":[{\"@type\":\"WebPage\",\"@id\":\"https:\/\/hostaldeluca.com\/es\/servicios-extras-bajo-peticion\/\",\"url\":\"https:\/\/hostaldeluca.com\/es\/servicios-extras-bajo-peticion\/\",\"name\":\"Servicios extra bajo petici\u00f3n - Bed &amp; Breakfast Cuba e Casa particular Havana Vedado\",\"isPartOf\":{\"@id\":\"https:\/\/hostaldeluca.com\/es\/#website\"},\"primaryImageOfPage\":{\"@id\":\"https:\/\/hostaldeluca.com\/es\/servicios-extras-bajo-peticion\/#primaryimage\"},\"image\":{\"@id\":\"https:\/\/hostaldeluca.com\/es\/servicios-extras-bajo-peticion\/#primaryimage\"},\"thumbnailUrl\":\"https:\/\/hostaldeluca.com\/wp-content\/uploads\/2025\/07\/gallery-6.jpeg\",\"datePublished\":\"2025-07-21T09:22:18+00:00\",\"dateModified\":\"2025-11-05T09:55:20+00:00\",\"breadcrumb\":{\"@id\":\"https:\/\/hostaldeluca.com\/es\/servicios-extras-bajo-peticion\/#breadcrumb\"},\"inLanguage\":\"es\",\"potentialAction\":[{\"@type\":\"ReadAction\",\"target\":[\"https:\/\/hostaldeluca.com\/es\/servicios-extras-bajo-peticion\/\"]}]},{\"@type\":\"ImageObject\",\"inLanguage\":\"es\",\"@id\":\"https:\/\/hostaldeluca.com\/es\/servicios-extras-bajo-peticion\/#primaryimage\",\"url\":\"https:\/\/hostaldeluca.com\/wp-content\/uploads\/2025\/07\/gallery-6.jpeg\",\"contentUrl\":\"https:\/\/hostaldeluca.com\/wp-content\/uploads\/2025\/07\/gallery-6.jpeg\"},{\"@type\":\"BreadcrumbList\",\"@id\":\"https:\/\/hostaldeluca.com\/es\/servicios-extras-bajo-peticion\/#breadcrumb\",\"itemListElement\":[{\"@type\":\"ListItem\",\"position\":1,\"name\":\"Home\",\"item\":\"https:\/\/hostaldeluca.com\/es\/\"},{\"@type\":\"ListItem\",\"position\":2,\"name\":\"Servicios extra bajo petici\u00f3n\"}]},{\"@type\":\"WebSite\",\"@id\":\"https:\/\/hostaldeluca.com\/es\/#website\",\"url\":\"https:\/\/hostaldeluca.com\/es\/\",\"name\":\"Bed & Breakfast Cuba e Casa particular Havana Vedado\",\"description\":\"\",\"publisher\":{\"@id\":\"https:\/\/hostaldeluca.com\/es\/#organization\"},\"potentialAction\":[{\"@type\":\"SearchAction\",\"target\":{\"@type\":\"EntryPoint\",\"urlTemplate\":\"https:\/\/hostaldeluca.com\/es\/?s={search_term_string}\"},\"query-input\":{\"@type\":\"PropertyValueSpecification\",\"valueRequired\":true,\"valueName\":\"search_term_string\"}}],\"inLanguage\":\"es\"},{\"@type\":\"Organization\",\"@id\":\"https:\/\/hostaldeluca.com\/es\/#organization\",\"name\":\"Bed & Breakfast Cuba e Casa particular Havana Vedado\",\"url\":\"https:\/\/hostaldeluca.com\/es\/\",\"logo\":{\"@type\":\"ImageObject\",\"inLanguage\":\"es\",\"@id\":\"https:\/\/hostaldeluca.com\/es\/#\/schema\/logo\/image\/\",\"url\":\"https:\/\/hostaldeluca.com\/wp-content\/uploads\/2025\/07\/logo-2.png\",\"contentUrl\":\"https:\/\/hostaldeluca.com\/wp-content\/uploads\/2025\/07\/logo-2.png\",\"width\":271,\"height\":103,\"caption\":\"Bed & Breakfast Cuba e Casa particular Havana Vedado\"},\"image\":{\"@id\":\"https:\/\/hostaldeluca.com\/es\/#\/schema\/logo\/image\/\"}}]}<\/script>\n<!-- \/ Yoast SEO plugin. -->","yoast_head_json":{"title":"Servicios extra bajo petici\u00f3n - Bed &amp; Breakfast Cuba e Casa particular Havana Vedado","robots":{"index":"index","follow":"follow","max-snippet":"max-snippet:-1","max-image-preview":"max-image-preview:large","max-video-preview":"max-video-preview:-1"},"canonical":"https:\/\/hostaldeluca.com\/es\/servicios-extras-bajo-peticion\/","og_locale":"es_ES","og_type":"article","og_title":"Servicios extra bajo petici\u00f3n - Bed &amp; Breakfast Cuba e Casa particular Havana Vedado","og_description":"Camere &#038; Alloggi Connettivit\u00e0 Spazi comuni &#038; comfort Servizi extra su richiesta Posizione e mobilit\u00e0 Accoglienza &#038; Servizi turistici \u00bfQuieres...","og_url":"https:\/\/hostaldeluca.com\/es\/servicios-extras-bajo-peticion\/","og_site_name":"Bed &amp; Breakfast Cuba e Casa particular Havana Vedado","article_modified_time":"2025-11-05T09:55:20+00:00","og_image":[{"url":"https:\/\/hostaldeluca.com\/wp-content\/uploads\/2025\/07\/gallery-6.jpeg","type":"","width":"","height":""}],"twitter_card":"summary_large_image","twitter_misc":{"Tiempo de lectura":"1 minuto"},"schema":{"@context":"https:\/\/schema.org","@graph":[{"@type":"WebPage","@id":"https:\/\/hostaldeluca.com\/es\/servicios-extras-bajo-peticion\/","url":"https:\/\/hostaldeluca.com\/es\/servicios-extras-bajo-peticion\/","name":"Servicios extra bajo petici\u00f3n - Bed &amp; Breakfast Cuba e Casa particular Havana Vedado","isPartOf":{"@id":"https:\/\/hostaldeluca.com\/es\/#website"},"primaryImageOfPage":{"@id":"https:\/\/hostaldeluca.com\/es\/servicios-extras-bajo-peticion\/#primaryimage"},"image":{"@id":"https:\/\/hostaldeluca.com\/es\/servicios-extras-bajo-peticion\/#primaryimage"},"thumbnailUrl":"https:\/\/hostaldeluca.com\/wp-content\/uploads\/2025\/07\/gallery-6.jpeg","datePublished":"2025-07-21T09:22:18+00:00","dateModified":"2025-11-05T09:55:20+00:00","breadcrumb":{"@id":"https:\/\/hostaldeluca.com\/es\/servicios-extras-bajo-peticion\/#breadcrumb"},"inLanguage":"es","potentialAction":[{"@type":"ReadAction","target":["https:\/\/hostaldeluca.com\/es\/servicios-extras-bajo-peticion\/"]}]},{"@type":"ImageObject","inLanguage":"es","@id":"https:\/\/hostaldeluca.com\/es\/servicios-extras-bajo-peticion\/#primaryimage","url":"https:\/\/hostaldeluca.com\/wp-content\/uploads\/2025\/07\/gallery-6.jpeg","contentUrl":"https:\/\/hostaldeluca.com\/wp-content\/uploads\/2025\/07\/gallery-6.jpeg"},{"@type":"BreadcrumbList","@id":"https:\/\/hostaldeluca.com\/es\/servicios-extras-bajo-peticion\/#breadcrumb","itemListElement":[{"@type":"ListItem","position":1,"name":"Home","item":"https:\/\/hostaldeluca.com\/es\/"},{"@type":"ListItem","position":2,"name":"Servicios extra bajo petici\u00f3n"}]},{"@type":"WebSite","@id":"https:\/\/hostaldeluca.com\/es\/#website","url":"https:\/\/hostaldeluca.com\/es\/","name":"Bed & Breakfast Cuba e Casa particular Havana Vedado","description":"","publisher":{"@id":"https:\/\/hostaldeluca.com\/es\/#organization"},"potentialAction":[{"@type":"SearchAction","target":{"@type":"EntryPoint","urlTemplate":"https:\/\/hostaldeluca.com\/es\/?s={search_term_string}"},"query-input":{"@type":"PropertyValueSpecification","valueRequired":true,"valueName":"search_term_string"}}],"inLanguage":"es"},{"@type":"Organization","@id":"https:\/\/hostaldeluca.com\/es\/#organization","name":"Bed & Breakfast Cuba e Casa particular Havana Vedado","url":"https:\/\/hostaldeluca.com\/es\/","logo":{"@type":"ImageObject","inLanguage":"es","@id":"https:\/\/hostaldeluca.com\/es\/#\/schema\/logo\/image\/","url":"https:\/\/hostaldeluca.com\/wp-content\/uploads\/2025\/07\/logo-2.png","contentUrl":"https:\/\/hostaldeluca.com\/wp-content\/uploads\/2025\/07\/logo-2.png","width":271,"height":103,"caption":"Bed & Breakfast Cuba e Casa particular Havana Vedado"},"image":{"@id":"https:\/\/hostaldeluca.com\/es\/#\/schema\/logo\/image\/"}}]}},"_links":{"self":[{"href":"https:\/\/hostaldeluca.com\/es\/wp-json\/wp\/v2\/pages\/12507","targetHints":{"allow":["GET"]}}],"collection":[{"href":"https:\/\/hostaldeluca.com\/es\/wp-json\/wp\/v2\/pages"}],"about":[{"href":"https:\/\/hostaldeluca.com\/es\/wp-json\/wp\/v2\/types\/page"}],"author":[{"embeddable":true,"href":"https:\/\/hostaldeluca.com\/es\/wp-json\/wp\/v2\/users\/1"}],"replies":[{"embeddable":true,"href":"https:\/\/hostaldeluca.com\/es\/wp-json\/wp\/v2\/comments?post=12507"}],"version-history":[{"count":20,"href":"https:\/\/hostaldeluca.com\/es\/wp-json\/wp\/v2\/pages\/12507\/revisions"}],"predecessor-version":[{"id":13046,"href":"https:\/\/hostaldeluca.com\/es\/wp-json\/wp\/v2\/pages\/12507\/revisions\/13046"}],"wp:attachment":[{"href":"https:\/\/hostaldeluca.com\/es\/wp-json\/wp\/v2\/media?parent=12507"}],"curies":[{"name":"wp","href":"https:\/\/api.w.org\/{rel}","templated":true}]}}