{"id":12517,"date":"2025-07-21T11:32:13","date_gmt":"2025-07-21T09:32:13","guid":{"rendered":"https:\/\/hostaldeluca.com\/accoglienza-servizi-turistici\/"},"modified":"2026-02-16T16:04:55","modified_gmt":"2026-02-16T15:04:55","slug":"recepcion-y-servicios-turisticos","status":"publish","type":"page","link":"https:\/\/hostaldeluca.com\/es\/recepcion-y-servicios-turisticos\/","title":{"rendered":"Hospitalidad y servicios tur\u00edsticos"},"content":{"rendered":"\t\t<div data-elementor-type=\"wp-page\" data-elementor-id=\"12517\" class=\"elementor elementor-12517 elementor-11652\">\n\t\t\t\t<div class=\"elementor-element elementor-element-ece7ac8 e-flex e-con-boxed tm-col-stretched-none tm-bg-color-over-image e-con e-parent\" data-id=\"ece7ac8\" data-element_type=\"container\">\n\t\t\t\t\t<div class=\"e-con-inner\">\n\t\t<div class=\"elementor-element elementor-element-2de6ab5 e-flex e-con-boxed tm-col-stretched-none tm-bg-color-over-image e-con e-child\" data-id=\"2de6ab5\" data-element_type=\"container\">\n\t\t\t\t\t<div class=\"e-con-inner\">\n\t\t<div class=\"elementor-element elementor-element-ffa3e07 e-con-full e-flex tm-col-stretched-none tm-bg-color-over-image e-con e-child\" data-id=\"ffa3e07\" data-element_type=\"container\">\n\t\t\t\t<div class=\"elementor-element elementor-element-53f0b30 elementor-widget elementor-widget-tm-ele-navigation-menu\" data-id=\"53f0b30\" data-element_type=\"widget\" data-widget_type=\"tm-ele-navigation-menu.default\">\n\t\t\t\t<div class=\"elementor-widget-container\">\n\t\t\t\t\t<div class=\"tm-sc-simple-nav-menu\"><ul id=\"menu-service-menu\" class=\"\"><li id=\"menu-item-5210\" class=\"menu-item menu-item-type-post_type menu-item-object-page menu-item-5210\"><a href=\"https:\/\/hostaldeluca.com\/camere-e-alloggi\/\"><i class=\"tm-nav-arrow-icon fas fa-arrow-right\"><\/i>Habitaciones y alojamientos<\/a><\/li>\n<li id=\"menu-item-12341\" class=\"menu-item menu-item-type-post_type menu-item-object-page menu-item-12341\"><a href=\"https:\/\/hostaldeluca.com\/connettivita\/\"><i class=\"tm-nav-arrow-icon fas fa-arrow-right\"><\/i>Conectividad<\/a><\/li>\n<li id=\"menu-item-11662\" class=\"menu-item menu-item-type-post_type menu-item-object-page menu-item-11662\"><a href=\"https:\/\/hostaldeluca.com\/spazi-comuni-comfort\/\"><i class=\"tm-nav-arrow-icon fas fa-arrow-right\"><\/i>\u00c1reas comunes y comodidad<\/a><\/li>\n<li id=\"menu-item-11663\" class=\"menu-item menu-item-type-post_type menu-item-object-page menu-item-11663\"><a href=\"https:\/\/hostaldeluca.com\/servizi-extra\/\"><i class=\"tm-nav-arrow-icon fas fa-arrow-right\"><\/i>Servicios extra bajo petici\u00f3n<\/a><\/li>\n<li id=\"menu-item-11661\" class=\"menu-item menu-item-type-post_type menu-item-object-page menu-item-11661\"><a href=\"https:\/\/hostaldeluca.com\/posizione-mobilita\/\"><i class=\"tm-nav-arrow-icon fas fa-arrow-right\"><\/i>Ubicaci\u00f3n y movilidad<\/a><\/li>\n<li id=\"menu-item-11660\" class=\"menu-item menu-item-type-post_type menu-item-object-page menu-item-11660\"><a href=\"https:\/\/hostaldeluca.com\/accoglienza-servizi-turistici\/\"><i class=\"tm-nav-arrow-icon fas fa-arrow-right\"><\/i>Hospitalidad y servicios tur\u00edsticos<\/a><\/li>\n<\/ul><\/div>\t\t\t\t<\/div>\n\t\t\t\t<\/div>\n\t\t<div class=\"elementor-element elementor-element-5b6695e tm-col-stretched-none e-flex e-con-boxed tm-bg-color-over-image e-con e-child\" data-id=\"5b6695e\" data-element_type=\"container\">\n\t\t\t\t\t<div class=\"e-con-inner\">\n\t\t\t\t\t<\/div>\n\t\t\t\t<\/div>\n\t\t<div class=\"elementor-element elementor-element-28b4795 e-con-full e-flex tm-col-stretched-none tm-bg-color-over-image e-con e-child\" data-id=\"28b4795\" data-element_type=\"container\" data-settings=\"{&quot;background_background&quot;:&quot;classic&quot;}\">\n\t\t\t\t<div class=\"elementor-element elementor-element-8e41495 elementor-widget elementor-widget-heading\" data-id=\"8e41495\" data-element_type=\"widget\" data-widget_type=\"heading.default\">\n\t\t\t\t\t<h4 class=\"elementor-heading-title elementor-size-default\">\u00bfQuieres alojarte con nosotros?<\/h4>\t\t\t\t<\/div>\n\t\t\t\t<div class=\"elementor-element elementor-element-47f794c elementor-widget elementor-widget-tm-ele-iconbox\" data-id=\"47f794c\" data-element_type=\"widget\" data-widget_type=\"tm-ele-iconbox.default\">\n\t\t\t\t<div class=\"elementor-widget-container\">\n\t\t\t\t\t<div class=\"tm-sc-icon-box icon-box icon-top font-icon icon-top animate-hover icon-rotate-y\">\r\n\t\r\n  \t<div class=\"icon-box-wrapper\">\r\n\t\t\r\n\t\t<div class=\"icon-wrapper\">\r\n\t\t<div class=\"icon icon-round icon-type-font-icon icon-md\">\r\n\t\t\t<i aria-hidden=\"true\" class=\" flaticon-common-phone-call\"><\/i>\t\t<\/div>\r\n\r\n\t\t\t<\/div>\r\n\t\t\t<div class=\"icon-text\">\r\n\t\t\t\t\t\t\r\n\t\t\t\t<h4 class=\"icon-box-title \">\r\n\t\t\t\t\t\t\t Ll\u00e1manos o reserva online \t\t\t\t\t<\/h4>\r\n\t\t\t\t\t<div class=\"content\">+39 338 736 1214<\/div>\r\n\t\t\t\r\n\t\t\t\r\n\t\r\n\t\t\t\t\t\t<div class=\"btn-view-details \">\r\n    <a  \r\n            href=\"https:\/\/hostaldeluca.com\/es\/reservar-ahora\/\"\r\n      class=\"btn btn-theme-colored1\">\r\n      Reserva ahora    <\/a>\r\n<\/div>\t\t\t\t\t<\/div>\r\n\t\t<div class=\"clearfix\"><\/div>\r\n\t<\/div>\r\n<\/div>\t\t\t\t<\/div>\n\t\t\t\t<\/div>\n\t\t\t\t<\/div>\n\t\t\t\t<\/div>\n\t\t<div class=\"elementor-element elementor-element-b90858e e-con-full tm-col-stretched-none e-flex tm-bg-color-over-image e-con e-child\" data-id=\"b90858e\" data-element_type=\"container\">\n\t\t\t\t<div class=\"elementor-element elementor-element-c83d446 elementor-widget elementor-widget-image\" data-id=\"c83d446\" data-element_type=\"widget\" data-widget_type=\"image.default\">\n\t\t\t\t\t\t\t\t\t\t\t\t\t\t\t<img decoding=\"async\" src=\"https:\/\/hostaldeluca.com\/wp-content\/uploads\/2026\/02\/accoglienza-low2026.jpg\" title=\"accoglienza-low2026\" alt=\"accoglienza-low2026\" loading=\"lazy\" \/>\t\t\t\t\t\t\t\t\t\t\t\t\t\t\t<\/div>\n\t\t\t\t<div class=\"elementor-element elementor-element-fe9e531 elementor-widget elementor-widget-tm-ele-text-editor\" data-id=\"fe9e531\" data-element_type=\"widget\" data-widget_type=\"tm-ele-text-editor.default\">\n\t\t\t\t<div class=\"elementor-widget-container\">\n\t\t\t\t\t\t\t<div class=\"tm-text-editor\">\r\n\t\t<h3>Hospitalidad y servicios tur\u00edsticos<\/h3>\t\t<\/div>\r\n\t\t\t\t\t<\/div>\n\t\t\t\t<\/div>\n\t\t\t\t<div class=\"elementor-element elementor-element-8730816 elementor-widget elementor-widget-tm-ele-text-editor\" data-id=\"8730816\" data-element_type=\"widget\" data-widget_type=\"tm-ele-text-editor.default\">\n\t\t\t\t<div class=\"elementor-widget-container\">\n\t\t\t\t\t\t\t<div class=\"tm-text-editor\">\r\n\t\t<p>Nuestro Bed &amp; Breakfast es un encantado lleno de magia donde dejar\u00e1s para siempre un pedacito de tu coraz\u00f3n. Nuestras sonrisas y el innegable carisma de nuestro equipo te acompa\u00f1ar\u00e1n en el curso de tu estancia en La Habana. Perm\u00edtanos guiarle y asesorarle, y le proporcionaremos todo el apoyo que necesita para organizar visitas guiadas, excursiones, traslados y cualquier otra asistencia que pueda necesitar. Hablamos italiano, espa\u00f1ol e ingl\u00e9s. Adem\u00e1s, ofrecemos un pr\u00e1ctico servicio gratuito de consigna\/custodia.<\/p>\t\t<\/div>\r\n\t\t\t\t\t<\/div>\n\t\t\t\t<\/div>\n\t\t\t\t<div class=\"elementor-element elementor-element-51d8e65 elementor-widget elementor-widget-tm-ele-iconbox\" data-id=\"51d8e65\" data-element_type=\"widget\" data-widget_type=\"tm-ele-iconbox.default\">\n\t\t\t\t<div class=\"elementor-widget-container\">\n\t\t\t\t\t<div class=\"tm-sc-icon-box icon-box icon-top no-icon icon-top animate-hover icon-rotate-y\">\r\n\t\r\n  \t<div class=\"icon-box-wrapper\">\r\n\t\t\r\n\t\t\t<div class=\"icon-text\">\r\n\t\t\t\t\t\t\r\n\t\t\t\t<p class=\"icon-box-title \">\r\n\t\t\t\t\t\t\tNuestro objetivo es hacerte vivir Cuba de forma aut\u00e9ntica y, sobre todo, sin preocupaciones, haciendo tu estancia en la isla agradable y ligera. Tambi\u00e9n brindamos asistencia pre\u2011viaje gratuita, ofreciendo toda la informaci\u00f3n m\u00e1s \u00fatil e importante. Sin imprevistos ni inc\u00f3gnitas: tu mente estar\u00e1 libre para viajar en el tiempo y el espacio de esta fascinante isla caribe\u00f1a.\t\t\t\t\t<\/p>\r\n\t\t\t\t\t\t\t\t\r\n\t\t\t\r\n\t\r\n\t\t\t\t\t<\/div>\r\n\t\t<div class=\"clearfix\"><\/div>\r\n\t<\/div>\r\n<\/div>\t\t\t\t<\/div>\n\t\t\t\t<\/div>\n\t\t\t\t<\/div>\n\t\t\t\t\t<\/div>\n\t\t\t\t<\/div>\n\t\t\t\t\t<\/div>\n\t\t\t\t<\/div>\n\t\t\t\t<\/div>\n\t\t","protected":false},"excerpt":{"rendered":"<p>Camere &#038; Alloggi Connettivit\u00e0 Spazi comuni &#038; comfort Servizi extra su richiesta Posizione e mobilit\u00e0 Accoglienza &#038; Servizi turistici \u00bfQuieres&#8230;<\/p>\n","protected":false},"author":1,"featured_media":0,"parent":0,"menu_order":0,"comment_status":"closed","ping_status":"closed","template":"","meta":{"footnotes":""},"class_list":["post-12517","page","type-page","status-publish","hentry"],"yoast_head":"<!-- This site is optimized with the Yoast SEO plugin v25.5 - https:\/\/yoast.com\/wordpress\/plugins\/seo\/ -->\n<title>Hospitalidad y servicios tur\u00edsticos - Bed &amp; Breakfast Cuba e Casa particular Havana Vedado<\/title>\n<meta name=\"robots\" content=\"index, follow, max-snippet:-1, max-image-preview:large, max-video-preview:-1\" \/>\n<link rel=\"canonical\" href=\"https:\/\/hostaldeluca.com\/es\/recepcion-y-servicios-turisticos\/\" \/>\n<meta property=\"og:locale\" content=\"es_ES\" \/>\n<meta property=\"og:type\" content=\"article\" \/>\n<meta property=\"og:title\" content=\"Hospitalidad y servicios tur\u00edsticos - Bed &amp; Breakfast Cuba e Casa particular Havana Vedado\" \/>\n<meta property=\"og:description\" content=\"Camere &#038; Alloggi Connettivit\u00e0 Spazi comuni &#038; comfort Servizi extra su richiesta Posizione e mobilit\u00e0 Accoglienza &#038; Servizi turistici \u00bfQuieres...\" \/>\n<meta property=\"og:url\" content=\"https:\/\/hostaldeluca.com\/es\/recepcion-y-servicios-turisticos\/\" \/>\n<meta property=\"og:site_name\" content=\"Bed &amp; Breakfast Cuba e Casa particular Havana Vedado\" \/>\n<meta property=\"article:modified_time\" content=\"2026-02-16T15:04:55+00:00\" \/>\n<meta property=\"og:image\" content=\"https:\/\/hostaldeluca.com\/wp-content\/uploads\/2026\/02\/accoglienza-low2026.jpg\" \/>\n<meta name=\"twitter:card\" content=\"summary_large_image\" \/>\n<meta name=\"twitter:label1\" content=\"Tiempo de lectura\" \/>\n\t<meta name=\"twitter:data1\" content=\"1 minuto\" \/>\n<script type=\"application\/ld+json\" class=\"yoast-schema-graph\">{\"@context\":\"https:\/\/schema.org\",\"@graph\":[{\"@type\":\"WebPage\",\"@id\":\"https:\/\/hostaldeluca.com\/es\/recepcion-y-servicios-turisticos\/\",\"url\":\"https:\/\/hostaldeluca.com\/es\/recepcion-y-servicios-turisticos\/\",\"name\":\"Hospitalidad y servicios tur\u00edsticos - Bed &amp; Breakfast Cuba e Casa particular Havana Vedado\",\"isPartOf\":{\"@id\":\"https:\/\/hostaldeluca.com\/es\/#website\"},\"primaryImageOfPage\":{\"@id\":\"https:\/\/hostaldeluca.com\/es\/recepcion-y-servicios-turisticos\/#primaryimage\"},\"image\":{\"@id\":\"https:\/\/hostaldeluca.com\/es\/recepcion-y-servicios-turisticos\/#primaryimage\"},\"thumbnailUrl\":\"https:\/\/hostaldeluca.com\/wp-content\/uploads\/2026\/02\/accoglienza-low2026.jpg\",\"datePublished\":\"2025-07-21T09:32:13+00:00\",\"dateModified\":\"2026-02-16T15:04:55+00:00\",\"breadcrumb\":{\"@id\":\"https:\/\/hostaldeluca.com\/es\/recepcion-y-servicios-turisticos\/#breadcrumb\"},\"inLanguage\":\"es\",\"potentialAction\":[{\"@type\":\"ReadAction\",\"target\":[\"https:\/\/hostaldeluca.com\/es\/recepcion-y-servicios-turisticos\/\"]}]},{\"@type\":\"ImageObject\",\"inLanguage\":\"es\",\"@id\":\"https:\/\/hostaldeluca.com\/es\/recepcion-y-servicios-turisticos\/#primaryimage\",\"url\":\"https:\/\/hostaldeluca.com\/wp-content\/uploads\/2026\/02\/accoglienza-low2026.jpg\",\"contentUrl\":\"https:\/\/hostaldeluca.com\/wp-content\/uploads\/2026\/02\/accoglienza-low2026.jpg\"},{\"@type\":\"BreadcrumbList\",\"@id\":\"https:\/\/hostaldeluca.com\/es\/recepcion-y-servicios-turisticos\/#breadcrumb\",\"itemListElement\":[{\"@type\":\"ListItem\",\"position\":1,\"name\":\"Home\",\"item\":\"https:\/\/hostaldeluca.com\/es\/\"},{\"@type\":\"ListItem\",\"position\":2,\"name\":\"Hospitalidad y servicios tur\u00edsticos\"}]},{\"@type\":\"WebSite\",\"@id\":\"https:\/\/hostaldeluca.com\/es\/#website\",\"url\":\"https:\/\/hostaldeluca.com\/es\/\",\"name\":\"Bed & Breakfast Cuba e Casa particular Havana Vedado\",\"description\":\"\",\"publisher\":{\"@id\":\"https:\/\/hostaldeluca.com\/es\/#organization\"},\"potentialAction\":[{\"@type\":\"SearchAction\",\"target\":{\"@type\":\"EntryPoint\",\"urlTemplate\":\"https:\/\/hostaldeluca.com\/es\/?s={search_term_string}\"},\"query-input\":{\"@type\":\"PropertyValueSpecification\",\"valueRequired\":true,\"valueName\":\"search_term_string\"}}],\"inLanguage\":\"es\"},{\"@type\":\"Organization\",\"@id\":\"https:\/\/hostaldeluca.com\/es\/#organization\",\"name\":\"Bed & Breakfast Cuba e Casa particular Havana Vedado\",\"url\":\"https:\/\/hostaldeluca.com\/es\/\",\"logo\":{\"@type\":\"ImageObject\",\"inLanguage\":\"es\",\"@id\":\"https:\/\/hostaldeluca.com\/es\/#\/schema\/logo\/image\/\",\"url\":\"https:\/\/hostaldeluca.com\/wp-content\/uploads\/2025\/07\/logo-2.png\",\"contentUrl\":\"https:\/\/hostaldeluca.com\/wp-content\/uploads\/2025\/07\/logo-2.png\",\"width\":271,\"height\":103,\"caption\":\"Bed & Breakfast Cuba e Casa particular Havana Vedado\"},\"image\":{\"@id\":\"https:\/\/hostaldeluca.com\/es\/#\/schema\/logo\/image\/\"}}]}<\/script>\n<!-- \/ Yoast SEO plugin. -->","yoast_head_json":{"title":"Hospitalidad y servicios tur\u00edsticos - Bed &amp; Breakfast Cuba e Casa particular Havana Vedado","robots":{"index":"index","follow":"follow","max-snippet":"max-snippet:-1","max-image-preview":"max-image-preview:large","max-video-preview":"max-video-preview:-1"},"canonical":"https:\/\/hostaldeluca.com\/es\/recepcion-y-servicios-turisticos\/","og_locale":"es_ES","og_type":"article","og_title":"Hospitalidad y servicios tur\u00edsticos - Bed &amp; Breakfast Cuba e Casa particular Havana Vedado","og_description":"Camere &#038; Alloggi Connettivit\u00e0 Spazi comuni &#038; comfort Servizi extra su richiesta Posizione e mobilit\u00e0 Accoglienza &#038; Servizi turistici \u00bfQuieres...","og_url":"https:\/\/hostaldeluca.com\/es\/recepcion-y-servicios-turisticos\/","og_site_name":"Bed &amp; Breakfast Cuba e Casa particular Havana Vedado","article_modified_time":"2026-02-16T15:04:55+00:00","og_image":[{"url":"https:\/\/hostaldeluca.com\/wp-content\/uploads\/2026\/02\/accoglienza-low2026.jpg","type":"","width":"","height":""}],"twitter_card":"summary_large_image","twitter_misc":{"Tiempo de lectura":"1 minuto"},"schema":{"@context":"https:\/\/schema.org","@graph":[{"@type":"WebPage","@id":"https:\/\/hostaldeluca.com\/es\/recepcion-y-servicios-turisticos\/","url":"https:\/\/hostaldeluca.com\/es\/recepcion-y-servicios-turisticos\/","name":"Hospitalidad y servicios tur\u00edsticos - Bed &amp; Breakfast Cuba e Casa particular Havana Vedado","isPartOf":{"@id":"https:\/\/hostaldeluca.com\/es\/#website"},"primaryImageOfPage":{"@id":"https:\/\/hostaldeluca.com\/es\/recepcion-y-servicios-turisticos\/#primaryimage"},"image":{"@id":"https:\/\/hostaldeluca.com\/es\/recepcion-y-servicios-turisticos\/#primaryimage"},"thumbnailUrl":"https:\/\/hostaldeluca.com\/wp-content\/uploads\/2026\/02\/accoglienza-low2026.jpg","datePublished":"2025-07-21T09:32:13+00:00","dateModified":"2026-02-16T15:04:55+00:00","breadcrumb":{"@id":"https:\/\/hostaldeluca.com\/es\/recepcion-y-servicios-turisticos\/#breadcrumb"},"inLanguage":"es","potentialAction":[{"@type":"ReadAction","target":["https:\/\/hostaldeluca.com\/es\/recepcion-y-servicios-turisticos\/"]}]},{"@type":"ImageObject","inLanguage":"es","@id":"https:\/\/hostaldeluca.com\/es\/recepcion-y-servicios-turisticos\/#primaryimage","url":"https:\/\/hostaldeluca.com\/wp-content\/uploads\/2026\/02\/accoglienza-low2026.jpg","contentUrl":"https:\/\/hostaldeluca.com\/wp-content\/uploads\/2026\/02\/accoglienza-low2026.jpg"},{"@type":"BreadcrumbList","@id":"https:\/\/hostaldeluca.com\/es\/recepcion-y-servicios-turisticos\/#breadcrumb","itemListElement":[{"@type":"ListItem","position":1,"name":"Home","item":"https:\/\/hostaldeluca.com\/es\/"},{"@type":"ListItem","position":2,"name":"Hospitalidad y servicios tur\u00edsticos"}]},{"@type":"WebSite","@id":"https:\/\/hostaldeluca.com\/es\/#website","url":"https:\/\/hostaldeluca.com\/es\/","name":"Bed & Breakfast Cuba e Casa particular Havana Vedado","description":"","publisher":{"@id":"https:\/\/hostaldeluca.com\/es\/#organization"},"potentialAction":[{"@type":"SearchAction","target":{"@type":"EntryPoint","urlTemplate":"https:\/\/hostaldeluca.com\/es\/?s={search_term_string}"},"query-input":{"@type":"PropertyValueSpecification","valueRequired":true,"valueName":"search_term_string"}}],"inLanguage":"es"},{"@type":"Organization","@id":"https:\/\/hostaldeluca.com\/es\/#organization","name":"Bed & Breakfast Cuba e Casa particular Havana Vedado","url":"https:\/\/hostaldeluca.com\/es\/","logo":{"@type":"ImageObject","inLanguage":"es","@id":"https:\/\/hostaldeluca.com\/es\/#\/schema\/logo\/image\/","url":"https:\/\/hostaldeluca.com\/wp-content\/uploads\/2025\/07\/logo-2.png","contentUrl":"https:\/\/hostaldeluca.com\/wp-content\/uploads\/2025\/07\/logo-2.png","width":271,"height":103,"caption":"Bed & Breakfast Cuba e Casa particular Havana Vedado"},"image":{"@id":"https:\/\/hostaldeluca.com\/es\/#\/schema\/logo\/image\/"}}]}},"_links":{"self":[{"href":"https:\/\/hostaldeluca.com\/es\/wp-json\/wp\/v2\/pages\/12517","targetHints":{"allow":["GET"]}}],"collection":[{"href":"https:\/\/hostaldeluca.com\/es\/wp-json\/wp\/v2\/pages"}],"about":[{"href":"https:\/\/hostaldeluca.com\/es\/wp-json\/wp\/v2\/types\/page"}],"author":[{"embeddable":true,"href":"https:\/\/hostaldeluca.com\/es\/wp-json\/wp\/v2\/users\/1"}],"replies":[{"embeddable":true,"href":"https:\/\/hostaldeluca.com\/es\/wp-json\/wp\/v2\/comments?post=12517"}],"version-history":[{"count":26,"href":"https:\/\/hostaldeluca.com\/es\/wp-json\/wp\/v2\/pages\/12517\/revisions"}],"predecessor-version":[{"id":13124,"href":"https:\/\/hostaldeluca.com\/es\/wp-json\/wp\/v2\/pages\/12517\/revisions\/13124"}],"wp:attachment":[{"href":"https:\/\/hostaldeluca.com\/es\/wp-json\/wp\/v2\/media?parent=12517"}],"curies":[{"name":"wp","href":"https:\/\/api.w.org\/{rel}","templated":true}]}}