{"id":12530,"date":"2025-01-26T06:19:14","date_gmt":"2025-01-26T05:19:14","guid":{"rendered":"https:\/\/hostaldeluca.com\/contatti\/"},"modified":"2025-10-16T10:27:56","modified_gmt":"2025-10-16T08:27:56","slug":"contactos","status":"publish","type":"page","link":"https:\/\/hostaldeluca.com\/es\/contactos\/","title":{"rendered":"Contactos"},"content":{"rendered":"\t\t<div data-elementor-type=\"wp-page\" data-elementor-id=\"12530\" class=\"elementor elementor-12530 elementor-3117\">\n\t\t\t\t<div class=\"elementor-element elementor-element-4d4ffa7 e-flex e-con-boxed tm-col-stretched-none tm-bg-color-over-image e-con e-parent\" data-id=\"4d4ffa7\" data-element_type=\"container\">\n\t\t\t\t\t<div class=\"e-con-inner\">\n\t\t<div class=\"elementor-element elementor-element-c1b0d07 e-con-full e-flex tm-col-stretched-none tm-bg-color-over-image e-con e-child\" data-id=\"c1b0d07\" data-element_type=\"container\">\n\t\t<div class=\"elementor-element elementor-element-5621d90 e-con-full e-flex tm-col-stretched-none tm-bg-color-over-image e-con e-child\" data-id=\"5621d90\" data-element_type=\"container\">\n\t\t\t\t<div class=\"elementor-element elementor-element-38812bc horizontal-line-align-left vertical-line-align-bottom elementor-widget elementor-widget-tm-ele-section-title\" data-id=\"38812bc\" data-element_type=\"widget\" data-widget_type=\"tm-ele-section-title.default\">\n\t\t\t\t<div class=\"elementor-widget-container\">\n\t\t\t\t\t<div class=\"tm-sc-section-title section-title \">\r\n\t<div class=\"title-wrapper\">\r\n\t\t\t\t\r\n\r\n<div class=\"sub-title-outer\">\r\n\t\t<div class=\"subtitle \">\r\n\r\n\t\t\r\n\t\tContactos\t<\/div>\r\n\t<\/div>\t\t\t<h2 class=\"title \">\r\n\r\n\t\t\r\n\t\t\t\t<span class=\"title-part1 \">Rellene el formulario<\/span>\r\n\t\t\t\t\r\n\t\t\r\n\t<\/h2>\r\n\t<div class=\"title-seperator-line\"><\/div>\t\t\t\t\t\t<\/div>\r\n<\/div>\t\t\t\t<\/div>\n\t\t\t\t<\/div>\n\t\t\t\t<div class=\"elementor-element elementor-element-3046c2e tm-contact-form-7-button-align-left tm-contact-form-7-button-custom elementor-widget elementor-widget-tm-ele-contact-form-7\" data-id=\"3046c2e\" data-element_type=\"widget\" data-widget_type=\"tm-ele-contact-form-7.default\">\n\t\t\t\t<div class=\"elementor-widget-container\">\n\t\t\t\t\t<div class=\"tm-contact-form-7-wrapper\">\r\n\t\t\t\t<div class=\"tm-contact-form tm-contact-form-7 tm-contact-form-3046c2e placeholder-show tm-contact-form-align-default\">\n<div class=\"wpcf7 no-js\" id=\"wpcf7-f12535-o1\" lang=\"en-US\" dir=\"ltr\" data-wpcf7-id=\"12535\">\n<div class=\"screen-reader-response\"><p role=\"status\" aria-live=\"polite\" aria-atomic=\"true\"><\/p> <ul><\/ul><\/div>\n<form action=\"\/es\/wp-json\/wp\/v2\/pages\/12530#wpcf7-f12535-o1\" method=\"post\" class=\"wpcf7-form init\" aria-label=\"Contact form\" novalidate=\"novalidate\" data-status=\"init\">\n<fieldset class=\"hidden-fields-container\"><input type=\"hidden\" name=\"_wpcf7\" value=\"12535\" \/><input type=\"hidden\" name=\"_wpcf7_version\" value=\"6.1\" \/><input type=\"hidden\" name=\"_wpcf7_locale\" value=\"en_US\" \/><input type=\"hidden\" name=\"_wpcf7_unit_tag\" value=\"wpcf7-f12535-o1\" \/><input type=\"hidden\" name=\"_wpcf7_container_post\" value=\"0\" \/><input type=\"hidden\" name=\"_wpcf7_posted_data_hash\" value=\"\" \/>\n<\/fieldset>\n<div class=\"contact\">\n  <div class=\"row g-3\">\n    <div class=\"col-sm-6\">\n        <span class=\"wpcf7-form-control-wrap\" data-name=\"your-name\"><input size=\"40\" maxlength=\"400\" class=\"wpcf7-form-control wpcf7-text wpcf7-validates-as-required form-control\" aria-required=\"true\" aria-invalid=\"false\" placeholder=\"nombre\" value=\"\" type=\"text\" name=\"your-name\" \/><\/span>\n    <\/div>\n    <div class=\"col-sm-6\">\n        <span class=\"wpcf7-form-control-wrap\" data-name=\"your-email\"><input size=\"40\" maxlength=\"400\" class=\"wpcf7-form-control wpcf7-email wpcf7-validates-as-required wpcf7-text wpcf7-validates-as-email form-control\" aria-required=\"true\" aria-invalid=\"false\" placeholder=\"Email\" value=\"\" type=\"email\" name=\"your-email\" \/><\/span>\n    <\/div>\n\t<div class=\"col-sm-6\">\n        <span class=\"wpcf7-form-control-wrap\" data-name=\"your-Check\"><input size=\"40\" maxlength=\"400\" class=\"wpcf7-form-control wpcf7-text wpcf7-validates-as-required form-control\" aria-required=\"true\" aria-invalid=\"false\" placeholder=\"Registrarse\" value=\"\" type=\"text\" name=\"your-Check\" \/><\/span>\n    <\/div>\n    <div class=\"col-sm-6\">\n        <span class=\"wpcf7-form-control-wrap\" data-name=\"your-Check\"><input size=\"40\" maxlength=\"400\" class=\"wpcf7-form-control wpcf7-text wpcf7-validates-as-required form-control\" aria-required=\"true\" aria-invalid=\"false\" placeholder=\"Verificar\" value=\"\" type=\"text\" name=\"your-Check\" \/><\/span>\n    <\/div>\n    <div class=\"col-sm-12\">\n        <span class=\"wpcf7-form-control-wrap\" data-name=\"your-message\"><textarea cols=\"40\" rows=\"7\" maxlength=\"2000\" class=\"wpcf7-form-control wpcf7-textarea wpcf7-validates-as-required form-control\" aria-required=\"true\" aria-invalid=\"false\" placeholder=\"Mensaje\" name=\"your-message\"><\/textarea><\/span>\n    <\/div>\n    <div class=\"col-sm-12\">\n        <input class=\"wpcf7-form-control wpcf7-submit has-spinner btn btn-theme-colored2\" type=\"submit\" value=\"ENVIAR\" \/>\n    <\/div>\n  <\/div>\n<\/div><div class=\"wpcf7-response-output\" aria-hidden=\"true\"><\/div>\n<\/form>\n<\/div>\n<\/div>\r\n\t\t\t<\/div>\t\t\t\t<\/div>\n\t\t\t\t<\/div>\n\t\t\t\t<\/div>\n\t\t<div class=\"elementor-element elementor-element-9fb0454 e-con-full e-flex tm-col-stretched-none tm-bg-color-over-image e-con e-child\" data-id=\"9fb0454\" data-element_type=\"container\">\n\t\t\t\t<div class=\"elementor-element elementor-element-b271d44 horizontal-line-align-left vertical-line-align-bottom elementor-widget elementor-widget-tm-ele-section-title\" data-id=\"b271d44\" data-element_type=\"widget\" data-widget_type=\"tm-ele-section-title.default\">\n\t\t\t\t<div class=\"elementor-widget-container\">\n\t\t\t\t\t<div class=\"tm-sc-section-title section-title \">\r\n\t<div class=\"title-wrapper\">\r\n\t\t\t\t\r\n\r\n<div class=\"sub-title-outer\">\r\n\t\t<div class=\"subtitle \">\r\n\r\n\t\t\r\n\t\tBed & Breakfast Cuba\t<\/div>\r\n\t<\/div>\t\t\t<h2 class=\"title \">\r\n\r\n\t\t\r\n\t\t\t\t<span class=\"title-part1 \">Contactos<\/span>\r\n\t\t\t\t\r\n\t\t\r\n\t<\/h2>\r\n\t<div class=\"title-seperator-line\"><\/div>\t\t\t\t\t\t<\/div>\r\n<\/div>\t\t\t\t<\/div>\n\t\t\t\t<\/div>\n\t\t\t\t<div class=\"elementor-element elementor-element-36280e3 elementor-widget elementor-widget-tm-ele-text-editor\" data-id=\"36280e3\" data-element_type=\"widget\" data-widget_type=\"tm-ele-text-editor.default\">\n\t\t\t\t<div class=\"elementor-widget-container\">\n\t\t\t\t\t\t\t<div class=\"tm-text-editor\">\r\n\t\t<p>Estamos a su completa disposici\u00f3n para cualquier informaci\u00f3n o aclaraci\u00f3n.<\/p>\t\t<\/div>\r\n\t\t\t\t\t<\/div>\n\t\t\t\t<\/div>\n\t\t\t\t<div class=\"elementor-element elementor-element-072a430 elementor-widget elementor-widget-tm-ele-iconbox\" data-id=\"072a430\" data-element_type=\"widget\" data-widget_type=\"tm-ele-iconbox.default\">\n\t\t\t\t<div class=\"elementor-widget-container\">\n\t\t\t\t\t<div class=\"tm-sc-icon-box icon-box icon-left font-icon icon-default icon-left\">\r\n\t\r\n  \t<div class=\"icon-box-wrapper\">\r\n\t\t\r\n\t\t<div class=\"icon-wrapper\">\r\n\t\t<div class=\"icon icon-default icon-type-font-icon icon-md\">\r\n\t\t\t<i aria-hidden=\"true\" class=\" flaticon-common-call-3\"><\/i>\t\t<\/div>\r\n\r\n\t\t\t<\/div>\r\n\t\t\t<div class=\"icon-text\">\r\n\t\t\t\t\t\t\r\n\t\t\t\t<h4 class=\"icon-box-title \">\r\n\t\t\t\t\t\t\t\u00bfTienes alguna pregunta?\t\t\t\t\t<\/h4>\r\n\t\t\t\t\t<div class=\"content\"><p><a href=\"tel:393387361214\">+39 3387361214<\/a><\/p><p><a href=\"tel:5352545584\">+53 52545584<\/a><\/p><\/div>\r\n\t\t\t\r\n\t\t\t\r\n\t\r\n\t\t\t\t\t<\/div>\r\n\t\t<div class=\"clearfix\"><\/div>\r\n\t<\/div>\r\n<\/div>\t\t\t\t<\/div>\n\t\t\t\t<\/div>\n\t\t\t\t<div class=\"elementor-element elementor-element-b035630 elementor-widget elementor-widget-tm-ele-iconbox\" data-id=\"b035630\" data-element_type=\"widget\" data-widget_type=\"tm-ele-iconbox.default\">\n\t\t\t\t<div class=\"elementor-widget-container\">\n\t\t\t\t\t<div class=\"tm-sc-icon-box icon-box icon-left font-icon icon-default icon-left\">\r\n\t\r\n  \t<div class=\"icon-box-wrapper\">\r\n\t\t\r\n\t\t<div class=\"icon-wrapper\">\r\n\t\t<div class=\"icon icon-default icon-type-font-icon icon-md\">\r\n\t\t\t<i aria-hidden=\"true\" class=\" flaticon-common-email-1\"><\/i>\t\t<\/div>\r\n\r\n\t\t\t<\/div>\r\n\t\t\t<div class=\"icon-text\">\r\n\t\t\t\t\t\t\r\n\t\t\t\t<h4 class=\"icon-box-title \">\r\n\t\t\t\t\t\t\tEmail\t\t\t\t\t<\/h4>\r\n\t\t\t\t\t<div class=\"content\">info@hostaldeluca.com<\/div>\r\n\t\t\t\r\n\t\t\t\r\n\t\r\n\t\t\t\t\t<\/div>\r\n\t\t<div class=\"clearfix\"><\/div>\r\n\t<\/div>\r\n<\/div>\t\t\t\t<\/div>\n\t\t\t\t<\/div>\n\t\t\t\t<div class=\"elementor-element elementor-element-468dd3e elementor-widget elementor-widget-tm-ele-iconbox\" data-id=\"468dd3e\" data-element_type=\"widget\" data-widget_type=\"tm-ele-iconbox.default\">\n\t\t\t\t<div class=\"elementor-widget-container\">\n\t\t\t\t\t<div class=\"tm-sc-icon-box icon-box icon-left font-icon icon-default icon-left\">\r\n\t\r\n  \t<div class=\"icon-box-wrapper\">\r\n\t\t\r\n\t\t<div class=\"icon-wrapper\">\r\n\t\t<div class=\"icon icon-default icon-type-font-icon icon-md\">\r\n\t\t\t<i aria-hidden=\"true\" class=\" flaticon-common-location\"><\/i>\t\t<\/div>\r\n\r\n\t\t\t<\/div>\r\n\t\t\t<div class=\"icon-text\">\r\n\t\t\t\t\t\t\r\n\t\t\t\t<h4 class=\"icon-box-title \">\r\n\t\t\t\t\t\t\tDirecci\u00f2n\t\t\t\t\t<\/h4>\r\n\t\t\t\t\t<div class=\"content\">CALLE 4 n.510 entre 21 y 23 - Vedado<\/div>\r\n\t\t\t\r\n\t\t\t\r\n\t\r\n\t\t\t\t\t<\/div>\r\n\t\t<div class=\"clearfix\"><\/div>\r\n\t<\/div>\r\n<\/div>\t\t\t\t<\/div>\n\t\t\t\t<\/div>\n\t\t\t\t<\/div>\n\t\t\t\t<\/div>\n\t\t\t\t\t<\/div>\n\t\t\t\t<\/div>\n\t\t<div class=\"elementor-element elementor-element-bb3a12c e-con-full e-flex tm-col-stretched-none tm-bg-color-over-image e-con e-parent\" data-id=\"bb3a12c\" data-element_type=\"container\">\n\t\t\t\t<div class=\"elementor-element elementor-element-15d08c4 elementor-widget elementor-widget-html\" data-id=\"15d08c4\" data-element_type=\"widget\" data-widget_type=\"html.default\">\n\t\t\t\t\t<iframe src=\"https:\/\/www.google.com\/maps\/embed?pb=!1m14!1m8!1m3!1d22634.62076695336!2d-82.41013612524813!3d23.126959284314527!3m2!1i1024!2i768!4f13.1!3m3!1m2!1s0x88cd776706c5b09b%3A0x4797e3d36b4a715f!2sHostal%20Colonial%20De%20Luca!5e0!3m2!1sit!2sit!4v1752825136004!5m2!1sit!2sit\" width=\"100%\" height=\"450\" style=\"border:0;\" allowfullscreen=\"\" loading=\"lazy\" referrerpolicy=\"no-referrer-when-downgrade\"><\/iframe>\t\t\t\t<\/div>\n\t\t\t\t<\/div>\n\t\t\t\t<\/div>\n\t\t","protected":false},"excerpt":{"rendered":"<p>Contactos Rellene el formulario Bed &#038; Breakfast Cuba Contactos Estamos a su completa disposici\u00f3n para cualquier informaci\u00f3n o aclaraci\u00f3n. \u00bfTienes&#8230;<\/p>\n","protected":false},"author":1,"featured_media":0,"parent":0,"menu_order":0,"comment_status":"closed","ping_status":"closed","template":"","meta":{"footnotes":""},"class_list":["post-12530","page","type-page","status-publish","hentry"],"yoast_head":"<!-- This site is optimized with the Yoast SEO plugin v25.5 - https:\/\/yoast.com\/wordpress\/plugins\/seo\/ -->\n<title>Mejor Hotel Cuba Habana | HOSTAL COLONIAL DE LUCA<\/title>\n<meta name=\"description\" content=\"Hostal Colonial De Luca: el mejor hotel en Cuba, en el coraz\u00f3n de La Habana. Vive el encanto de una aut\u00e9ntica casa particular cubana.\" \/>\n<meta name=\"robots\" content=\"index, follow, max-snippet:-1, max-image-preview:large, max-video-preview:-1\" \/>\n<link rel=\"canonical\" href=\"https:\/\/hostaldeluca.com\/es\/contactos\/\" \/>\n<meta property=\"og:locale\" content=\"es_ES\" \/>\n<meta property=\"og:type\" content=\"article\" \/>\n<meta property=\"og:title\" content=\"Mejor Hotel Cuba Habana | HOSTAL COLONIAL DE LUCA\" \/>\n<meta property=\"og:description\" content=\"Hostal Colonial De Luca: el mejor hotel en Cuba, en el coraz\u00f3n de La Habana. Vive el encanto de una aut\u00e9ntica casa particular cubana.\" \/>\n<meta property=\"og:url\" content=\"https:\/\/hostaldeluca.com\/es\/contactos\/\" \/>\n<meta property=\"og:site_name\" content=\"Bed &amp; Breakfast Cuba e Casa particular Havana Vedado\" \/>\n<meta property=\"article:modified_time\" content=\"2025-10-16T08:27:56+00:00\" \/>\n<meta name=\"twitter:card\" content=\"summary_large_image\" \/>\n<meta name=\"twitter:label1\" content=\"Tiempo de lectura\" \/>\n\t<meta name=\"twitter:data1\" content=\"1 minuto\" \/>\n<script type=\"application\/ld+json\" class=\"yoast-schema-graph\">{\"@context\":\"https:\/\/schema.org\",\"@graph\":[{\"@type\":\"WebPage\",\"@id\":\"https:\/\/hostaldeluca.com\/es\/contactos\/\",\"url\":\"https:\/\/hostaldeluca.com\/es\/contactos\/\",\"name\":\"Mejor Hotel Cuba Habana | HOSTAL COLONIAL DE LUCA\",\"isPartOf\":{\"@id\":\"https:\/\/hostaldeluca.com\/es\/#website\"},\"datePublished\":\"2025-01-26T05:19:14+00:00\",\"dateModified\":\"2025-10-16T08:27:56+00:00\",\"description\":\"Hostal Colonial De Luca: el mejor hotel en Cuba, en el coraz\u00f3n de La Habana. Vive el encanto de una aut\u00e9ntica casa particular cubana.\",\"breadcrumb\":{\"@id\":\"https:\/\/hostaldeluca.com\/es\/contactos\/#breadcrumb\"},\"inLanguage\":\"es\",\"potentialAction\":[{\"@type\":\"ReadAction\",\"target\":[\"https:\/\/hostaldeluca.com\/es\/contactos\/\"]}]},{\"@type\":\"BreadcrumbList\",\"@id\":\"https:\/\/hostaldeluca.com\/es\/contactos\/#breadcrumb\",\"itemListElement\":[{\"@type\":\"ListItem\",\"position\":1,\"name\":\"Home\",\"item\":\"https:\/\/hostaldeluca.com\/es\/\"},{\"@type\":\"ListItem\",\"position\":2,\"name\":\"Contactos\"}]},{\"@type\":\"WebSite\",\"@id\":\"https:\/\/hostaldeluca.com\/es\/#website\",\"url\":\"https:\/\/hostaldeluca.com\/es\/\",\"name\":\"Bed & Breakfast Cuba e Casa particular Havana Vedado\",\"description\":\"\",\"publisher\":{\"@id\":\"https:\/\/hostaldeluca.com\/es\/#organization\"},\"potentialAction\":[{\"@type\":\"SearchAction\",\"target\":{\"@type\":\"EntryPoint\",\"urlTemplate\":\"https:\/\/hostaldeluca.com\/es\/?s={search_term_string}\"},\"query-input\":{\"@type\":\"PropertyValueSpecification\",\"valueRequired\":true,\"valueName\":\"search_term_string\"}}],\"inLanguage\":\"es\"},{\"@type\":\"Organization\",\"@id\":\"https:\/\/hostaldeluca.com\/es\/#organization\",\"name\":\"Bed & Breakfast Cuba e Casa particular Havana Vedado\",\"url\":\"https:\/\/hostaldeluca.com\/es\/\",\"logo\":{\"@type\":\"ImageObject\",\"inLanguage\":\"es\",\"@id\":\"https:\/\/hostaldeluca.com\/es\/#\/schema\/logo\/image\/\",\"url\":\"https:\/\/hostaldeluca.com\/wp-content\/uploads\/2025\/07\/logo-2.png\",\"contentUrl\":\"https:\/\/hostaldeluca.com\/wp-content\/uploads\/2025\/07\/logo-2.png\",\"width\":271,\"height\":103,\"caption\":\"Bed & Breakfast Cuba e Casa particular Havana Vedado\"},\"image\":{\"@id\":\"https:\/\/hostaldeluca.com\/es\/#\/schema\/logo\/image\/\"}}]}<\/script>\n<!-- \/ Yoast SEO plugin. -->","yoast_head_json":{"title":"Mejor Hotel Cuba Habana | HOSTAL COLONIAL DE LUCA","description":"Hostal Colonial De Luca: el mejor hotel en Cuba, en el coraz\u00f3n de La Habana. Vive el encanto de una aut\u00e9ntica casa particular cubana.","robots":{"index":"index","follow":"follow","max-snippet":"max-snippet:-1","max-image-preview":"max-image-preview:large","max-video-preview":"max-video-preview:-1"},"canonical":"https:\/\/hostaldeluca.com\/es\/contactos\/","og_locale":"es_ES","og_type":"article","og_title":"Mejor Hotel Cuba Habana | HOSTAL COLONIAL DE LUCA","og_description":"Hostal Colonial De Luca: el mejor hotel en Cuba, en el coraz\u00f3n de La Habana. Vive el encanto de una aut\u00e9ntica casa particular cubana.","og_url":"https:\/\/hostaldeluca.com\/es\/contactos\/","og_site_name":"Bed &amp; Breakfast Cuba e Casa particular Havana Vedado","article_modified_time":"2025-10-16T08:27:56+00:00","twitter_card":"summary_large_image","twitter_misc":{"Tiempo de lectura":"1 minuto"},"schema":{"@context":"https:\/\/schema.org","@graph":[{"@type":"WebPage","@id":"https:\/\/hostaldeluca.com\/es\/contactos\/","url":"https:\/\/hostaldeluca.com\/es\/contactos\/","name":"Mejor Hotel Cuba Habana | HOSTAL COLONIAL DE LUCA","isPartOf":{"@id":"https:\/\/hostaldeluca.com\/es\/#website"},"datePublished":"2025-01-26T05:19:14+00:00","dateModified":"2025-10-16T08:27:56+00:00","description":"Hostal Colonial De Luca: el mejor hotel en Cuba, en el coraz\u00f3n de La Habana. Vive el encanto de una aut\u00e9ntica casa particular cubana.","breadcrumb":{"@id":"https:\/\/hostaldeluca.com\/es\/contactos\/#breadcrumb"},"inLanguage":"es","potentialAction":[{"@type":"ReadAction","target":["https:\/\/hostaldeluca.com\/es\/contactos\/"]}]},{"@type":"BreadcrumbList","@id":"https:\/\/hostaldeluca.com\/es\/contactos\/#breadcrumb","itemListElement":[{"@type":"ListItem","position":1,"name":"Home","item":"https:\/\/hostaldeluca.com\/es\/"},{"@type":"ListItem","position":2,"name":"Contactos"}]},{"@type":"WebSite","@id":"https:\/\/hostaldeluca.com\/es\/#website","url":"https:\/\/hostaldeluca.com\/es\/","name":"Bed & Breakfast Cuba e Casa particular Havana Vedado","description":"","publisher":{"@id":"https:\/\/hostaldeluca.com\/es\/#organization"},"potentialAction":[{"@type":"SearchAction","target":{"@type":"EntryPoint","urlTemplate":"https:\/\/hostaldeluca.com\/es\/?s={search_term_string}"},"query-input":{"@type":"PropertyValueSpecification","valueRequired":true,"valueName":"search_term_string"}}],"inLanguage":"es"},{"@type":"Organization","@id":"https:\/\/hostaldeluca.com\/es\/#organization","name":"Bed & Breakfast Cuba e Casa particular Havana Vedado","url":"https:\/\/hostaldeluca.com\/es\/","logo":{"@type":"ImageObject","inLanguage":"es","@id":"https:\/\/hostaldeluca.com\/es\/#\/schema\/logo\/image\/","url":"https:\/\/hostaldeluca.com\/wp-content\/uploads\/2025\/07\/logo-2.png","contentUrl":"https:\/\/hostaldeluca.com\/wp-content\/uploads\/2025\/07\/logo-2.png","width":271,"height":103,"caption":"Bed & Breakfast Cuba e Casa particular Havana Vedado"},"image":{"@id":"https:\/\/hostaldeluca.com\/es\/#\/schema\/logo\/image\/"}}]}},"_links":{"self":[{"href":"https:\/\/hostaldeluca.com\/es\/wp-json\/wp\/v2\/pages\/12530","targetHints":{"allow":["GET"]}}],"collection":[{"href":"https:\/\/hostaldeluca.com\/es\/wp-json\/wp\/v2\/pages"}],"about":[{"href":"https:\/\/hostaldeluca.com\/es\/wp-json\/wp\/v2\/types\/page"}],"author":[{"embeddable":true,"href":"https:\/\/hostaldeluca.com\/es\/wp-json\/wp\/v2\/users\/1"}],"replies":[{"embeddable":true,"href":"https:\/\/hostaldeluca.com\/es\/wp-json\/wp\/v2\/comments?post=12530"}],"version-history":[{"count":15,"href":"https:\/\/hostaldeluca.com\/es\/wp-json\/wp\/v2\/pages\/12530\/revisions"}],"predecessor-version":[{"id":12956,"href":"https:\/\/hostaldeluca.com\/es\/wp-json\/wp\/v2\/pages\/12530\/revisions\/12956"}],"wp:attachment":[{"href":"https:\/\/hostaldeluca.com\/es\/wp-json\/wp\/v2\/media?parent=12530"}],"curies":[{"name":"wp","href":"https:\/\/api.w.org\/{rel}","templated":true}]}}